{"id":353,"date":"2020-08-27T18:43:13","date_gmt":"2020-08-27T18:43:13","guid":{"rendered":"http:\/\/covid-19.uvlf.sk\/en\/?page_id=353"},"modified":"2021-09-01T10:52:32","modified_gmt":"2021-09-01T10:52:32","slug":"informacie-pre-vysokoskolskych-ucitelov","status":"publish","type":"page","link":"https:\/\/covid-19.uvlf.sk\/en\/informacie-pre-vysokoskolskych-ucitelov","title":{"rendered":"Inform\u00e1cie pre u\u010dite\u013eov"},"content":{"rendered":"<p>V pr\u00edprave.<\/p>\n","protected":false},"excerpt":{"rendered":"<p>V pr\u00edprave.<\/p>\n","protected":false},"author":1,"featured_media":0,"parent":0,"menu_order":0,"comment_status":"closed","ping_status":"closed","template":"","meta":{"inline_featured_image":false},"_links":{"self":[{"href":"https:\/\/covid-19.uvlf.sk\/en\/wp-json\/wp\/v2\/pages\/353"}],"collection":[{"href":"https:\/\/covid-19.uvlf.sk\/en\/wp-json\/wp\/v2\/pages"}],"about":[{"href":"https:\/\/covid-19.uvlf.sk\/en\/wp-json\/wp\/v2\/types\/page"}],"author":[{"embeddable":true,"href":"https:\/\/covid-19.uvlf.sk\/en\/wp-json\/wp\/v2\/users\/1"}],"replies":[{"embeddable":true,"href":"https:\/\/covid-19.uvlf.sk\/en\/wp-json\/wp\/v2\/comments?post=353"}],"version-history":[{"count":17,"href":"https:\/\/covid-19.uvlf.sk\/en\/wp-json\/wp\/v2\/pages\/353\/revisions"}],"predecessor-version":[{"id":846,"href":"https:\/\/covid-19.uvlf.sk\/en\/wp-json\/wp\/v2\/pages\/353\/revisions\/846"}],"wp:attachment":[{"href":"https:\/\/covid-19.uvlf.sk\/en\/wp-json\/wp\/v2\/media?parent=353"}],"curies":[{"name":"wp","href":"https:\/\/api.w.org\/{rel}","templated":true}]}}